{"id":1266,"date":"2023-01-08T12:47:22","date_gmt":"2023-01-08T11:47:22","guid":{"rendered":"http:\/\/proyectolarrua.com\/?page_id=1266"},"modified":"2025-05-19T08:37:26","modified_gmt":"2025-05-19T07:37:26","slug":"lacasavacia","status":"publish","type":"page","link":"http:\/\/proyectolarrua.com\/en\/lacasavacia","title":{"rendered":"La casa vac\u00eda"},"content":{"rendered":"\t\t<div data-elementor-type=\"wp-page\" data-elementor-id=\"1266\" class=\"elementor elementor-1266\">\n\t\t\t\t\t\t\t\t\t<section class=\"elementor-section elementor-top-section elementor-element elementor-element-e5870fa elementor-section-boxed elementor-section-height-default elementor-section-height-default\" data-id=\"e5870fa\" data-element_type=\"section\">\n\t\t\t\t\t\t<div class=\"elementor-container elementor-column-gap-default\">\n\t\t\t\t\t<div class=\"elementor-column elementor-col-100 elementor-top-column elementor-element elementor-element-80be54f\" data-id=\"80be54f\" data-element_type=\"column\">\n\t\t\t<div class=\"elementor-widget-wrap elementor-element-populated\">\n\t\t\t\t\t\t\t\t<div class=\"elementor-element elementor-element-33371dd elementor-widget elementor-widget-image\" data-id=\"33371dd\" data-element_type=\"widget\" data-widget_type=\"image.default\">\n\t\t\t\t<div class=\"elementor-widget-container\">\n\t\t\t<style>\/*! elementor - v3.6.5 - 27-04-2022 *\/\n.elementor-widget-image{text-align:center}.elementor-widget-image a{display:inline-block}.elementor-widget-image a img[src$=\".svg\"]{width:48px}.elementor-widget-image img{vertical-align:middle;display:inline-block}<\/style>\t\t\t\t\t\t\t\t\t\t\t\t<img width=\"780\" height=\"439\" src=\"http:\/\/proyectolarrua.com\/wp-content\/uploads\/2025\/05\/BANNERLACASA-1024x576.jpg\" class=\"attachment-large size-large\" alt=\"\" loading=\"lazy\" srcset=\"http:\/\/proyectolarrua.com\/wp-content\/uploads\/2025\/05\/BANNERLACASA-1024x576.jpg 1024w, http:\/\/proyectolarrua.com\/wp-content\/uploads\/2025\/05\/BANNERLACASA-300x169.jpg 300w, http:\/\/proyectolarrua.com\/wp-content\/uploads\/2025\/05\/BANNERLACASA-768x432.jpg 768w, http:\/\/proyectolarrua.com\/wp-content\/uploads\/2025\/05\/BANNERLACASA-660x372.jpg 660w, http:\/\/proyectolarrua.com\/wp-content\/uploads\/2025\/05\/BANNERLACASA.jpg 1080w\" sizes=\"(max-width: 780px) 100vw, 780px\" \/>\t\t\t\t\t\t\t\t\t\t\t\t\t\t\t<\/div>\n\t\t\t\t<\/div>\n\t\t\t\t<div class=\"elementor-element elementor-element-b47f900 elementor-widget-divider--view-line elementor-widget elementor-widget-divider\" data-id=\"b47f900\" data-element_type=\"widget\" data-widget_type=\"divider.default\">\n\t\t\t\t<div class=\"elementor-widget-container\">\n\t\t\t<style>\/*! elementor - v3.6.5 - 27-04-2022 *\/\n.elementor-widget-divider{--divider-border-style:none;--divider-border-width:1px;--divider-color:#2c2c2c;--divider-icon-size:20px;--divider-element-spacing:10px;--divider-pattern-height:24px;--divider-pattern-size:20px;--divider-pattern-url:none;--divider-pattern-repeat:repeat-x}.elementor-widget-divider .elementor-divider{display:-webkit-box;display:-ms-flexbox;display:flex}.elementor-widget-divider .elementor-divider__text{font-size:15px;line-height:1;max-width:95%}.elementor-widget-divider .elementor-divider__element{margin:0 var(--divider-element-spacing);-ms-flex-negative:0;flex-shrink:0}.elementor-widget-divider .elementor-icon{font-size:var(--divider-icon-size)}.elementor-widget-divider .elementor-divider-separator{display:-webkit-box;display:-ms-flexbox;display:flex;margin:0;direction:ltr}.elementor-widget-divider--view-line_icon .elementor-divider-separator,.elementor-widget-divider--view-line_text .elementor-divider-separator{-webkit-box-align:center;-ms-flex-align:center;align-items:center}.elementor-widget-divider--view-line_icon .elementor-divider-separator:after,.elementor-widget-divider--view-line_icon .elementor-divider-separator:before,.elementor-widget-divider--view-line_text .elementor-divider-separator:after,.elementor-widget-divider--view-line_text .elementor-divider-separator:before{display:block;content:\"\";border-bottom:0;-webkit-box-flex:1;-ms-flex-positive:1;flex-grow:1;border-top:var(--divider-border-width) var(--divider-border-style) var(--divider-color)}.elementor-widget-divider--element-align-left .elementor-divider .elementor-divider-separator>.elementor-divider__svg:first-of-type{-webkit-box-flex:0;-ms-flex-positive:0;flex-grow:0;-ms-flex-negative:100;flex-shrink:100}.elementor-widget-divider--element-align-left .elementor-divider-separator:before{content:none}.elementor-widget-divider--element-align-left .elementor-divider__element{margin-left:0}.elementor-widget-divider--element-align-right .elementor-divider .elementor-divider-separator>.elementor-divider__svg:last-of-type{-webkit-box-flex:0;-ms-flex-positive:0;flex-grow:0;-ms-flex-negative:100;flex-shrink:100}.elementor-widget-divider--element-align-right .elementor-divider-separator:after{content:none}.elementor-widget-divider--element-align-right .elementor-divider__element{margin-right:0}.elementor-widget-divider:not(.elementor-widget-divider--view-line_text):not(.elementor-widget-divider--view-line_icon) .elementor-divider-separator{border-top:var(--divider-border-width) var(--divider-border-style) var(--divider-color)}.elementor-widget-divider--separator-type-pattern{--divider-border-style:none}.elementor-widget-divider--separator-type-pattern.elementor-widget-divider--view-line .elementor-divider-separator,.elementor-widget-divider--separator-type-pattern:not(.elementor-widget-divider--view-line) .elementor-divider-separator:after,.elementor-widget-divider--separator-type-pattern:not(.elementor-widget-divider--view-line) .elementor-divider-separator:before,.elementor-widget-divider--separator-type-pattern:not([class*=elementor-widget-divider--view]) .elementor-divider-separator{width:100%;min-height:var(--divider-pattern-height);-webkit-mask-size:var(--divider-pattern-size) 100%;mask-size:var(--divider-pattern-size) 100%;-webkit-mask-repeat:var(--divider-pattern-repeat);mask-repeat:var(--divider-pattern-repeat);background-color:var(--divider-color);-webkit-mask-image:var(--divider-pattern-url);mask-image:var(--divider-pattern-url)}.elementor-widget-divider--no-spacing{--divider-pattern-size:auto}.elementor-widget-divider--bg-round{--divider-pattern-repeat:round}.rtl .elementor-widget-divider .elementor-divider__text{direction:rtl}<\/style>\t\t<div class=\"elementor-divider\">\n\t\t\t<span class=\"elementor-divider-separator\">\n\t\t\t\t\t\t<\/span>\n\t\t<\/div>\n\t\t\t\t<\/div>\n\t\t\t\t<\/div>\n\t\t\t\t<div class=\"elementor-element elementor-element-d4c5cb6 elementor-widget elementor-widget-text-editor\" data-id=\"d4c5cb6\" data-element_type=\"widget\" data-widget_type=\"text-editor.default\">\n\t\t\t\t<div class=\"elementor-widget-container\">\n\t\t\t<style>\/*! elementor - v3.6.5 - 27-04-2022 *\/\n.elementor-widget-text-editor.elementor-drop-cap-view-stacked .elementor-drop-cap{background-color:#818a91;color:#fff}.elementor-widget-text-editor.elementor-drop-cap-view-framed .elementor-drop-cap{color:#818a91;border:3px solid;background-color:transparent}.elementor-widget-text-editor:not(.elementor-drop-cap-view-default) .elementor-drop-cap{margin-top:8px}.elementor-widget-text-editor:not(.elementor-drop-cap-view-default) .elementor-drop-cap-letter{width:1em;height:1em}.elementor-widget-text-editor .elementor-drop-cap{float:left;text-align:center;line-height:1;font-size:50px}.elementor-widget-text-editor .elementor-drop-cap-letter{display:inline-block}<\/style>\t\t\t\t<p><span style=\"color: #00ccff;\"><strong><em> <span style=\"font-size: 24pt;\"><em><span style=\"color: #00ccff;\">La casa vac\u00eda <\/span><\/em><\/span><span style=\"color: #808080;\">(The Empty House) tells the story of a recently deceased artist and her partner. The relationship that both have with art, love, oblivion, loneliness, memory, fragility and emptiness. Tell their life stories to be able to heal and to be able to forget. The empty house is a\u00a0 Dance-Theatre-Documentary piece, where the scenes are divided as if they were a collage. \u201ca collage of life, of images and memories\u201d. The performers are part of this collage in different situations, participating in these memories and other times being witnesses and spectators of them. A piece where Contemporary Dance coexists with the theater through the filming of a documentary that marks a map and journey in the life of a renowned plastic artist and where the performers are submerged, in different ways, in these stories. <\/span><\/p><p><span style=\"color: #000000;\"><\/span><\/p>\t\t\t\t\t\t<\/div>\n\t\t\t\t<\/div>\n\t\t\t\t\t<\/div>\n\t\t<\/div>\n\t\t\t\t\t\t\t<\/div>\n\t\t<\/section>\n\t\t\t\t<section class=\"elementor-section elementor-top-section elementor-element elementor-element-bf05b9d elementor-section-boxed elementor-section-height-default elementor-section-height-default\" data-id=\"bf05b9d\" data-element_type=\"section\">\n\t\t\t\t\t\t<div class=\"elementor-container elementor-column-gap-default\">\n\t\t\t\t\t<div class=\"elementor-column elementor-col-100 elementor-top-column elementor-element elementor-element-a4c3f19\" data-id=\"a4c3f19\" data-element_type=\"column\">\n\t\t\t<div class=\"elementor-widget-wrap elementor-element-populated\">\n\t\t\t\t\t\t\t\t<section class=\"elementor-section elementor-inner-section elementor-element elementor-element-fa83054 elementor-section-boxed elementor-section-height-default elementor-section-height-default\" data-id=\"fa83054\" data-element_type=\"section\">\n\t\t\t\t\t\t<div class=\"elementor-container elementor-column-gap-default\">\n\t\t\t\t\t<div class=\"elementor-column elementor-col-50 elementor-inner-column elementor-element elementor-element-ab186f0\" data-id=\"ab186f0\" data-element_type=\"column\">\n\t\t\t<div class=\"elementor-widget-wrap elementor-element-populated\">\n\t\t\t\t\t\t\t\t<div class=\"elementor-element elementor-element-e71473e elementor-widget elementor-widget-text-editor\" data-id=\"e71473e\" data-element_type=\"widget\" data-widget_type=\"text-editor.default\">\n\t\t\t\t<div class=\"elementor-widget-container\">\n\t\t\t\t\t\t\t<p><span style=\"color: #00ccff;\"><\/div><div><span style=\"color: #00ccff;\">Choreography:<\/span> Jordi Vilaseca<br \/><span style=\"color: #00ccff;\">Performers:<\/span> Bego\u00f1a Mart\u00edn, Ingrid Magriny\u00e0, Maddi Ruiz de Loizaga, Ainhoa \u200b\u200bUsandizaga, Aritz L\u00f3pez.<\/div><div><span style=\"color: #00ccff;\">Texts:<\/span> Pedro Casas.<\/div><div><span style=\"color: #00ccff;\">Dramaturgy:<\/span> Jordi Vilaseca &amp; Pedro Casas.<\/div><div><span style=\"color: #00ccff;\">Lighting design:<\/span> David Alcorta.<\/div><div><span style=\"color: #00ccff;\">Scenography:<\/span> Enric Planas.<\/div><div><span style=\"color: #00ccff;\">Music:<\/span> Luis Miguel Cobo.<\/div><div><span style=\"color: #00ccff;\">Costume design:<\/span> Xabier Mujika<br \/><span style=\"color: #00ccff;\">Pictures:<\/span> Asier Bastida.<\/div><div><p><span style=\"color: #00ccff;\">Co-produced by:<\/span> Basque Government, Red de Teatros de Vitoria Gasteiz, Dansa Metrop\u00f2litana, Proyecto Larrua and La Faktoria.<br \/><span style=\"color: #00ccff;\">Management: <\/span>dgira \/ Sandra Bonilla +34679860899<\/p><div><a href=\"mailto:sbonilla@dgira.es\" target=\"_blank\" rel=\"noopener\">sbonilla@dgira.es<\/a><\/div><div><a href=\"http:\/\/dgira.es\/\" target=\"_blank\" rel=\"noopener\" data-saferedirecturl=\"https:\/\/www.google.com\/url?q=http:\/\/dgira.es&amp;source=gmail&amp;ust=1680190550519000&amp;usg=AOvVaw1TdPEOUp17ghCCuWTZ8RU3\">http:\/\/dgira.es<\/a><\/div><\/div><div><\/div>\t\t\t\t\t\t<\/div>\n\t\t\t\t<\/div>\n\t\t\t\t\t<\/div>\n\t\t<\/div>\n\t\t\t\t<div class=\"elementor-column elementor-col-50 elementor-inner-column elementor-element elementor-element-957a1f8\" data-id=\"957a1f8\" data-element_type=\"column\">\n\t\t\t<div class=\"elementor-widget-wrap elementor-element-populated\">\n\t\t\t\t\t\t\t\t<div class=\"elementor-element elementor-element-6c2d881 elementor-widget elementor-widget-image\" data-id=\"6c2d881\" data-element_type=\"widget\" data-widget_type=\"image.default\">\n\t\t\t\t<div class=\"elementor-widget-container\">\n\t\t\t\t\t\t\t\t\t\t\t\t\t\t\t<img width=\"768\" height=\"1086\" src=\"http:\/\/proyectolarrua.com\/wp-content\/uploads\/2023\/03\/LCVpromo-768x1086.jpg\" class=\"attachment-medium_large size-medium_large\" alt=\"\" loading=\"lazy\" srcset=\"http:\/\/proyectolarrua.com\/wp-content\/uploads\/2023\/03\/LCVpromo-768x1086.jpg 768w, http:\/\/proyectolarrua.com\/wp-content\/uploads\/2023\/03\/LCVpromo-212x300.jpg 212w, http:\/\/proyectolarrua.com\/wp-content\/uploads\/2023\/03\/LCVpromo-724x1024.jpg 724w, http:\/\/proyectolarrua.com\/wp-content\/uploads\/2023\/03\/LCVpromo-1086x1536.jpg 1086w, http:\/\/proyectolarrua.com\/wp-content\/uploads\/2023\/03\/LCVpromo-1448x2048.jpg 1448w, http:\/\/proyectolarrua.com\/wp-content\/uploads\/2023\/03\/LCVpromo-660x934.jpg 660w, http:\/\/proyectolarrua.com\/wp-content\/uploads\/2023\/03\/LCVpromo-scaled.jpg 1810w\" sizes=\"(max-width: 768px) 100vw, 768px\" \/>\t\t\t\t\t\t\t\t\t\t\t\t\t\t\t<\/div>\n\t\t\t\t<\/div>\n\t\t\t\t\t<\/div>\n\t\t<\/div>\n\t\t\t\t\t\t\t<\/div>\n\t\t<\/section>\n\t\t\t\t\t<\/div>\n\t\t<\/div>\n\t\t\t\t\t\t\t<\/div>\n\t\t<\/section>\n\t\t\t\t<section class=\"elementor-section elementor-top-section elementor-element elementor-element-15240df elementor-section-boxed elementor-section-height-default elementor-section-height-default\" data-id=\"15240df\" data-element_type=\"section\">\n\t\t\t\t\t\t<div class=\"elementor-container elementor-column-gap-default\">\n\t\t\t\t\t<div class=\"elementor-column elementor-col-100 elementor-top-column elementor-element elementor-element-2686192\" data-id=\"2686192\" data-element_type=\"column\">\n\t\t\t<div class=\"elementor-widget-wrap elementor-element-populated\">\n\t\t\t\t\t\t\t\t<div class=\"elementor-element elementor-element-f518d18 elementor-aspect-ratio-169 elementor-widget elementor-widget-video\" data-id=\"f518d18\" data-element_type=\"widget\" data-settings=\"{&quot;video_type&quot;:&quot;vimeo&quot;,&quot;aspect_ratio&quot;:&quot;169&quot;}\" data-widget_type=\"video.default\">\n\t\t\t\t<div class=\"elementor-widget-container\">\n\t\t\t<style>\/*! elementor - v3.6.5 - 27-04-2022 *\/\n.elementor-widget-video .elementor-widget-container{overflow:hidden;-webkit-transform:translateZ(0);transform:translateZ(0)}.elementor-widget-video .elementor-open-inline .elementor-custom-embed-image-overlay{position:absolute;top:0;left:0;width:100%;height:100%;background-size:cover;background-position:50%}.elementor-widget-video .elementor-custom-embed-image-overlay{cursor:pointer;text-align:center}.elementor-widget-video .elementor-custom-embed-image-overlay:hover .elementor-custom-embed-play i{opacity:1}.elementor-widget-video .elementor-custom-embed-image-overlay img{display:block;width:100%}.elementor-widget-video .e-hosted-video .elementor-video{-o-object-fit:cover;object-fit:cover}<\/style>\t\t<div class=\"elementor-wrapper elementor-fit-aspect-ratio elementor-open-inline\">\n\t\t\t<iframe class=\"elementor-video-iframe\" allowfullscreen title=\"vimeo Video Player\" src=\"https:\/\/player.vimeo.com\/video\/774663727?color&amp;autopause=0&amp;loop=0&amp;muted=0&amp;title=1&amp;portrait=1&amp;byline=1#t=\"><\/iframe>\t\t<\/div>\n\t\t\t\t<\/div>\n\t\t\t\t<\/div>\n\t\t\t\t\t<\/div>\n\t\t<\/div>\n\t\t\t\t\t\t\t<\/div>\n\t\t<\/section>\n\t\t\t\t\t\t\t<\/div>\n\t\t","protected":false},"excerpt":{"rendered":"<p>La casa vac\u00eda (The Empty House) tells the story of a recently deceased artist and her partner. The relationship that&hellip; <a class=\"read-more\" href=\"http:\/\/proyectolarrua.com\/en\/lacasavacia\">Read more <span class=\"screen-reader-text\">La casa vac\u00eda<\/span><\/a><\/p>\n","protected":false},"author":1,"featured_media":1261,"parent":0,"menu_order":0,"comment_status":"closed","ping_status":"closed","template":"","meta":{"_mc_calendar":[]},"aioseo_notices":[],"_links":{"self":[{"href":"http:\/\/proyectolarrua.com\/en\/wp-json\/wp\/v2\/pages\/1266"}],"collection":[{"href":"http:\/\/proyectolarrua.com\/en\/wp-json\/wp\/v2\/pages"}],"about":[{"href":"http:\/\/proyectolarrua.com\/en\/wp-json\/wp\/v2\/types\/page"}],"author":[{"embeddable":true,"href":"http:\/\/proyectolarrua.com\/en\/wp-json\/wp\/v2\/users\/1"}],"replies":[{"embeddable":true,"href":"http:\/\/proyectolarrua.com\/en\/wp-json\/wp\/v2\/comments?post=1266"}],"version-history":[{"count":77,"href":"http:\/\/proyectolarrua.com\/en\/wp-json\/wp\/v2\/pages\/1266\/revisions"}],"predecessor-version":[{"id":2280,"href":"http:\/\/proyectolarrua.com\/en\/wp-json\/wp\/v2\/pages\/1266\/revisions\/2280"}],"wp:featuredmedia":[{"embeddable":true,"href":"http:\/\/proyectolarrua.com\/en\/wp-json\/wp\/v2\/media\/1261"}],"wp:attachment":[{"href":"http:\/\/proyectolarrua.com\/en\/wp-json\/wp\/v2\/media?parent=1266"}],"curies":[{"name":"wp","href":"https:\/\/api.w.org\/{rel}","templated":true}]}}