{"id":17,"date":"2017-03-23T20:09:00","date_gmt":"2017-03-23T19:09:00","guid":{"rendered":"http:\/\/proyectolarrua.com\/?page_id=17"},"modified":"2026-05-05T19:21:21","modified_gmt":"2026-05-05T18:21:21","slug":"la-compania","status":"publish","type":"page","link":"http:\/\/proyectolarrua.com\/en\/la-compania","title":{"rendered":"THE COMPANY"},"content":{"rendered":"\t\t<div data-elementor-type=\"wp-post\" data-elementor-id=\"17\" class=\"elementor elementor-17\">\n\t\t\t\t\t\t\t\t\t<section class=\"elementor-section elementor-top-section elementor-element elementor-element-ebf22fb elementor-section-boxed elementor-section-height-default elementor-section-height-default\" data-id=\"ebf22fb\" data-element_type=\"section\">\n\t\t\t\t\t\t<div class=\"elementor-container elementor-column-gap-default\">\n\t\t\t\t\t<div class=\"elementor-column elementor-col-100 elementor-top-column elementor-element elementor-element-565d3af\" data-id=\"565d3af\" data-element_type=\"column\">\n\t\t\t<div class=\"elementor-widget-wrap elementor-element-populated\">\n\t\t\t\t\t\t\t\t<div class=\"elementor-element elementor-element-6f220da elementor-widget elementor-widget-image\" data-id=\"6f220da\" data-element_type=\"widget\" data-widget_type=\"image.default\">\n\t\t\t\t<div class=\"elementor-widget-container\">\n\t\t\t<style>\/*! elementor - v3.6.5 - 27-04-2022 *\/\n.elementor-widget-image{text-align:center}.elementor-widget-image a{display:inline-block}.elementor-widget-image a img[src$=\".svg\"]{width:48px}.elementor-widget-image img{vertical-align:middle;display:inline-block}<\/style>\t\t\t\t\t\t\t\t\t\t\t\t<img width=\"780\" height=\"157\" src=\"http:\/\/proyectolarrua.com\/wp-content\/uploads\/2017\/03\/favicon.png\" class=\"attachment-large size-large\" alt=\"\" loading=\"lazy\" \/>\t\t\t\t\t\t\t\t\t\t\t\t\t\t\t<\/div>\n\t\t\t\t<\/div>\n\t\t\t\t\t<\/div>\n\t\t<\/div>\n\t\t\t\t\t\t\t<\/div>\n\t\t<\/section>\n\t\t\t\t<section class=\"elementor-section elementor-top-section elementor-element elementor-element-290a117 elementor-section-boxed elementor-section-height-default elementor-section-height-default\" data-id=\"290a117\" data-element_type=\"section\">\n\t\t\t\t\t\t<div class=\"elementor-container elementor-column-gap-default\">\n\t\t\t\t\t<div class=\"elementor-column elementor-col-100 elementor-top-column elementor-element elementor-element-ae30058\" data-id=\"ae30058\" data-element_type=\"column\">\n\t\t\t<div class=\"elementor-widget-wrap elementor-element-populated\">\n\t\t\t\t\t\t\t\t<div class=\"elementor-element elementor-element-ed0470d elementor-widget elementor-widget-text-editor\" data-id=\"ed0470d\" data-element_type=\"widget\" data-widget_type=\"text-editor.default\">\n\t\t\t\t<div class=\"elementor-widget-container\">\n\t\t\t<style>\/*! elementor - v3.6.5 - 27-04-2022 *\/\n.elementor-widget-text-editor.elementor-drop-cap-view-stacked .elementor-drop-cap{background-color:#818a91;color:#fff}.elementor-widget-text-editor.elementor-drop-cap-view-framed .elementor-drop-cap{color:#818a91;border:3px solid;background-color:transparent}.elementor-widget-text-editor:not(.elementor-drop-cap-view-default) .elementor-drop-cap{margin-top:8px}.elementor-widget-text-editor:not(.elementor-drop-cap-view-default) .elementor-drop-cap-letter{width:1em;height:1em}.elementor-widget-text-editor .elementor-drop-cap{float:left;text-align:center;line-height:1;font-size:50px}.elementor-widget-text-editor .elementor-drop-cap-letter{display:inline-block}<\/style>\t\t\t\t<p><br \/><span style=\"color: #ff9900;\"><em><strong>PROYECTO LARRUA<\/strong><\/em><\/span>\u00a0is a contemporary dance company based in Vitoria-Gasteiz, directed by Jordi Vilaseca and Aritz L\u00f3pez. Their work focuses on the relationship between body, emotion and stage, developing a distinctive language that seeks to connect with audiences on a sensory level.<\/p><p data-start=\"430\" data-end=\"741\">Their pieces combine movement, sound, lighting and scenography to create immersive stage worlds where dance interacts with other elements, generating open and layered experiences. Drawing from shared cultural references, the company creates work that invites audiences to engage both physically and emotionally.<\/p><p data-start=\"743\" data-end=\"1106\">Proyecto Larrua has presented its work across national and international circuits and festivals, and is part of platforms such as Red Sarea, Platea, A Cielo Abierto and the Network of Theatres of Navarra. Their creations have received several recognitions, including nominations at the Spanish Max Awards with works such as <em data-start=\"1067\" data-end=\"1074\">Otsoa<\/em>, <em data-start=\"1076\" data-end=\"1085\">Baserri<\/em> and <em data-start=\"1090\" data-end=\"1105\">La Casa Vac\u00eda<\/em>.<\/p><p data-start=\"1108\" data-end=\"1307\">Alongside their stage work, the company develops projects in urban and non-conventional spaces, exploring new ways of engaging with audiences and expanding the contexts in which dance can take place.<\/p><p data-start=\"1309\" data-end=\"1759\">In parallel to their artistic creation, Proyecto Larrua is actively engaged in building a context for contemporary dance in Vitoria-Gasteiz. Through initiatives such as <strong data-start=\"1478\" data-end=\"1491\">LarruaLab<\/strong>, the audience development programme <strong data-start=\"1528\" data-end=\"1538\">Zubiak<\/strong>, the <strong data-start=\"1544\" data-end=\"1580\">Harria Choreographic Competition<\/strong> and the <strong data-start=\"1589\" data-end=\"1607\">KM0 Dance Gala<\/strong>, the company fosters spaces for encounter, learning and visibility, contributing to the growth of the local scene and the development of new audiences.<\/p><p data-start=\"1761\" data-end=\"1961\">Proyecto Larrua operates as an evolving and open structure, committed to its local context while engaging in collaborations with artists, institutions and networks both nationally and internationally.<\/p><p><span style=\"font-size: 18px; font-style: normal; font-weight: 400;\"><\/span><\/p>\t\t\t\t\t\t<\/div>\n\t\t\t\t<\/div>\n\t\t\t\t\t<\/div>\n\t\t<\/div>\n\t\t\t\t\t\t\t<\/div>\n\t\t<\/section>\n\t\t\t\t<section class=\"elementor-section elementor-top-section elementor-element elementor-element-cbdfb20 elementor-section-boxed elementor-section-height-default elementor-section-height-default\" data-id=\"cbdfb20\" data-element_type=\"section\">\n\t\t\t\t\t\t<div class=\"elementor-container elementor-column-gap-default\">\n\t\t\t\t\t<div class=\"elementor-column elementor-col-50 elementor-top-column elementor-element elementor-element-5003ec9\" data-id=\"5003ec9\" data-element_type=\"column\">\n\t\t\t<div class=\"elementor-widget-wrap elementor-element-populated\">\n\t\t\t\t\t\t\t\t<div class=\"elementor-element elementor-element-206d307 elementor-widget elementor-widget-image\" data-id=\"206d307\" data-element_type=\"widget\" data-widget_type=\"image.default\">\n\t\t\t\t<div class=\"elementor-widget-container\">\n\t\t\t\t\t\t\t\t\t\t\t\t\t\t\t<img width=\"780\" height=\"975\" src=\"http:\/\/proyectolarrua.com\/wp-content\/uploads\/2017\/03\/2.jpg\" class=\"attachment-large size-large\" alt=\"\" loading=\"lazy\" \/>\t\t\t\t\t\t\t\t\t\t\t\t\t\t\t<\/div>\n\t\t\t\t<\/div>\n\t\t\t\t\t<\/div>\n\t\t<\/div>\n\t\t\t\t<div class=\"elementor-column elementor-col-50 elementor-top-column elementor-element elementor-element-1678c51\" data-id=\"1678c51\" data-element_type=\"column\">\n\t\t\t<div class=\"elementor-widget-wrap elementor-element-populated\">\n\t\t\t\t\t\t\t\t<div class=\"elementor-element elementor-element-424c12b elementor-widget elementor-widget-image\" data-id=\"424c12b\" data-element_type=\"widget\" data-widget_type=\"image.default\">\n\t\t\t\t<div class=\"elementor-widget-container\">\n\t\t\t\t\t\t\t\t\t\t\t\t\t\t\t<img width=\"780\" height=\"975\" src=\"http:\/\/proyectolarrua.com\/wp-content\/uploads\/2017\/03\/1.jpg\" class=\"attachment-large size-large\" alt=\"\" loading=\"lazy\" \/>\t\t\t\t\t\t\t\t\t\t\t\t\t\t\t<\/div>\n\t\t\t\t<\/div>\n\t\t\t\t\t<\/div>\n\t\t<\/div>\n\t\t\t\t\t\t\t<\/div>\n\t\t<\/section>\n\t\t\t\t<section class=\"elementor-section elementor-top-section elementor-element elementor-element-8fc9271 elementor-section-boxed elementor-section-height-default elementor-section-height-default\" data-id=\"8fc9271\" data-element_type=\"section\">\n\t\t\t\t\t\t<div class=\"elementor-container elementor-column-gap-default\">\n\t\t\t\t\t<div class=\"elementor-column elementor-col-50 elementor-top-column elementor-element elementor-element-6f18a12\" data-id=\"6f18a12\" data-element_type=\"column\">\n\t\t\t<div class=\"elementor-widget-wrap elementor-element-populated\">\n\t\t\t\t\t\t\t\t<div class=\"elementor-element elementor-element-df0be33 elementor-widget elementor-widget-text-editor\" data-id=\"df0be33\" data-element_type=\"widget\" data-widget_type=\"text-editor.default\">\n\t\t\t\t<div class=\"elementor-widget-container\">\n\t\t\t\t\t\t\t<p> <span style=\"color: #ff9900;\"><em><strong>Jordi Vilaseca.<\/strong><\/em><\/span> Barcelona 1982, he began his studies at the Professional Dance Conservatory (Institut del Teatre) in Barcelona and continued his artistic training at the Henny Junniens Foundation in Amsterdam. He has worked for the companies: La Metros, Lanonima Imperial, Norrdans Company, Steptex Dance Project, Centro Choreogr\u00e1fico Gallego, Compa\u00f1\u00eda Entremans, Dance Channel Project, Plan B, Cia Antonio Ruz, Ballet Carmen Roche, Teresa Nieto en Compa\u00f1\u00eda, among others. Currently, he combines the facet of dancer and creator, with teaching, giving, in this way, Dance classes in different centers and\/or National Conservatories. As Stage Director for Cia Daniel Do\u00f1a, Choreographic Assistant for Quique Peon Cia or Cia del Sr Smith, directing multidisciplinary projects such as the Circle of Trust and Logela Companies and finally as Co-Director together with Aritz L\u00f3pez of Proyecto Larrua.<\/p><p><span style=\"font-size: 18px; font-style: normal; font-weight: 400;\"><\/p>\t\t\t\t\t\t<\/div>\n\t\t\t\t<\/div>\n\t\t\t\t\t<\/div>\n\t\t<\/div>\n\t\t\t\t<div class=\"elementor-column elementor-col-50 elementor-top-column elementor-element elementor-element-0e57590\" data-id=\"0e57590\" data-element_type=\"column\">\n\t\t\t<div class=\"elementor-widget-wrap elementor-element-populated\">\n\t\t\t\t\t\t\t\t<div class=\"elementor-element elementor-element-2807840 elementor-widget elementor-widget-text-editor\" data-id=\"2807840\" data-element_type=\"widget\" data-widget_type=\"text-editor.default\">\n\t\t\t\t<div class=\"elementor-widget-container\">\n\t\t\t\t\t\t\t<p> <span style=\"color: #ff9900;\"><em><strong>Aritz Lopez.<\/strong><\/em><\/span> Vitoria 1988, he began his career as a dancer practicing bboying in 2003 with the group Soul Flavas, a discipline in which he has participated in some of the most important events such as BCONE, Versus, Battle of the year&#8230; In 2010 he began taking classes at the Jose Uru\u00f1uela dance conservatory where he gets in touch with other dances such as ballet and contemporary dance. Later he began to travel and train with companies and dancers such as Anton Lachky, David Zambrano, Sita Ostheimer or Peter Jasco. In 2013 he began to work as a dancer for the Austrian company Nobulus and since then he has danced for Round Corner (Austria), Next Zone (Denmark), Nui (Vitoria), Kukai (Renteria) Ertza (San Sebastian), Organik (Bilbao). Now I co-direct the Larrua project together with Jordi Vilaseca.<\/p><p><\/p>\t\t\t\t\t\t<\/div>\n\t\t\t\t<\/div>\n\t\t\t\t\t<\/div>\n\t\t<\/div>\n\t\t\t\t\t\t\t<\/div>\n\t\t<\/section>\n\t\t\t\t\t\t\t<\/div>\n\t\t","protected":false},"excerpt":{"rendered":"<p>PROYECTO LARRUA\u00a0is a contemporary dance company based in Vitoria-Gasteiz, directed by Jordi Vilaseca and Aritz L\u00f3pez. Their work focuses on&hellip; <a class=\"read-more\" href=\"http:\/\/proyectolarrua.com\/en\/la-compania\">Read more <span class=\"screen-reader-text\">THE COMPANY<\/span><\/a><\/p>\n","protected":false},"author":1,"featured_media":46,"parent":0,"menu_order":0,"comment_status":"closed","ping_status":"closed","template":"","meta":{"_mc_calendar":[]},"aioseo_notices":[],"_links":{"self":[{"href":"http:\/\/proyectolarrua.com\/en\/wp-json\/wp\/v2\/pages\/17"}],"collection":[{"href":"http:\/\/proyectolarrua.com\/en\/wp-json\/wp\/v2\/pages"}],"about":[{"href":"http:\/\/proyectolarrua.com\/en\/wp-json\/wp\/v2\/types\/page"}],"author":[{"embeddable":true,"href":"http:\/\/proyectolarrua.com\/en\/wp-json\/wp\/v2\/users\/1"}],"replies":[{"embeddable":true,"href":"http:\/\/proyectolarrua.com\/en\/wp-json\/wp\/v2\/comments?post=17"}],"version-history":[{"count":146,"href":"http:\/\/proyectolarrua.com\/en\/wp-json\/wp\/v2\/pages\/17\/revisions"}],"predecessor-version":[{"id":2407,"href":"http:\/\/proyectolarrua.com\/en\/wp-json\/wp\/v2\/pages\/17\/revisions\/2407"}],"wp:featuredmedia":[{"embeddable":true,"href":"http:\/\/proyectolarrua.com\/en\/wp-json\/wp\/v2\/media\/46"}],"wp:attachment":[{"href":"http:\/\/proyectolarrua.com\/en\/wp-json\/wp\/v2\/media?parent=17"}],"curies":[{"name":"wp","href":"https:\/\/api.w.org\/{rel}","templated":true}]}}