{"id":21,"date":"2017-03-23T20:10:52","date_gmt":"2017-03-23T20:10:52","guid":{"rendered":"http:\/\/proyectolarrua.com\/?page_id=21"},"modified":"2025-10-15T10:03:17","modified_gmt":"2025-10-15T09:03:17","slug":"larrualab","status":"publish","type":"page","link":"http:\/\/proyectolarrua.com\/en\/larrualab","title":{"rendered":"LARRUA_LAB"},"content":{"rendered":"\t\t<div data-elementor-type=\"wp-post\" data-elementor-id=\"21\" class=\"elementor elementor-21\">\n\t\t\t\t\t\t\t\t\t<section class=\"elementor-section elementor-top-section elementor-element elementor-element-acf6237 elementor-section-boxed elementor-section-height-default elementor-section-height-default\" data-id=\"acf6237\" data-element_type=\"section\">\n\t\t\t\t\t\t<div class=\"elementor-container elementor-column-gap-default\">\n\t\t\t\t\t<div class=\"elementor-column elementor-col-100 elementor-top-column elementor-element elementor-element-55e75b8\" data-id=\"55e75b8\" data-element_type=\"column\">\n\t\t\t<div class=\"elementor-widget-wrap elementor-element-populated\">\n\t\t\t\t\t\t\t\t<div class=\"elementor-element elementor-element-5a6fb62 elementor-widget__width-inherit elementor-invisible elementor-widget elementor-widget-image\" data-id=\"5a6fb62\" data-element_type=\"widget\" data-settings=\"{&quot;_animation&quot;:&quot;fadeIn&quot;,&quot;_animation_delay&quot;:4}\" data-widget_type=\"image.default\">\n\t\t\t\t<div class=\"elementor-widget-container\">\n\t\t\t<style>\/*! elementor - v3.6.5 - 27-04-2022 *\/\n.elementor-widget-image{text-align:center}.elementor-widget-image a{display:inline-block}.elementor-widget-image a img[src$=\".svg\"]{width:48px}.elementor-widget-image img{vertical-align:middle;display:inline-block}<\/style>\t\t\t\t\t\t\t\t\t\t\t\t<img width=\"1440\" height=\"300\" src=\"http:\/\/proyectolarrua.com\/wp-content\/uploads\/2025\/04\/LARRUAWEB.png\" class=\"attachment-full size-full\" alt=\"\" loading=\"lazy\" srcset=\"http:\/\/proyectolarrua.com\/wp-content\/uploads\/2025\/04\/LARRUAWEB.png 1440w, http:\/\/proyectolarrua.com\/wp-content\/uploads\/2025\/04\/LARRUAWEB-300x63.png 300w, http:\/\/proyectolarrua.com\/wp-content\/uploads\/2025\/04\/LARRUAWEB-1024x213.png 1024w, http:\/\/proyectolarrua.com\/wp-content\/uploads\/2025\/04\/LARRUAWEB-768x160.png 768w, http:\/\/proyectolarrua.com\/wp-content\/uploads\/2025\/04\/LARRUAWEB-660x138.png 660w\" sizes=\"(max-width: 1440px) 100vw, 1440px\" \/>\t\t\t\t\t\t\t\t\t\t\t\t\t\t\t<\/div>\n\t\t\t\t<\/div>\n\t\t\t\t<div class=\"elementor-element elementor-element-90507ed elementor-widget elementor-widget-heading\" data-id=\"90507ed\" data-element_type=\"widget\" data-widget_type=\"heading.default\">\n\t\t\t\t<div class=\"elementor-widget-container\">\n\t\t\t<style>\/*! elementor - v3.6.5 - 27-04-2022 *\/\n.elementor-heading-title{padding:0;margin:0;line-height:1}.elementor-widget-heading .elementor-heading-title[class*=elementor-size-]>a{color:inherit;font-size:inherit;line-height:inherit}.elementor-widget-heading .elementor-heading-title.elementor-size-small{font-size:15px}.elementor-widget-heading .elementor-heading-title.elementor-size-medium{font-size:19px}.elementor-widget-heading .elementor-heading-title.elementor-size-large{font-size:29px}.elementor-widget-heading .elementor-heading-title.elementor-size-xl{font-size:39px}.elementor-widget-heading .elementor-heading-title.elementor-size-xxl{font-size:59px}<\/style><h2 class=\"elementor-heading-title elementor-size-large\">Tras el \u00e9xito del a\u00f1o pasado volvemos con la sexta edici\u00f3n de LARRUA_LAB, que tiene como objetivo poner en contacto a bailarinxs profesionales o preprofesionales con coreografxs y compa\u00f1\u00edas para que puedan conocer su lenguaje. Pronto m\u00e1s informaci\u00f3n<\/h2>\t\t<\/div>\n\t\t\t\t<\/div>\n\t\t\t\t\t<\/div>\n\t\t<\/div>\n\t\t\t\t\t\t\t<\/div>\n\t\t<\/section>\n\t\t\t\t<section class=\"elementor-section elementor-top-section elementor-element elementor-element-e9b767d elementor-section-boxed elementor-section-height-default elementor-section-height-default\" data-id=\"e9b767d\" data-element_type=\"section\">\n\t\t\t\t\t\t<div class=\"elementor-container elementor-column-gap-default\">\n\t\t\t\t\t<div class=\"elementor-column elementor-col-100 elementor-top-column elementor-element elementor-element-a10ff0b\" data-id=\"a10ff0b\" data-element_type=\"column\">\n\t\t\t<div class=\"elementor-widget-wrap elementor-element-populated\">\n\t\t\t\t\t\t\t\t<section class=\"elementor-section elementor-inner-section elementor-element elementor-element-efa52ce elementor-section-boxed elementor-section-height-default elementor-section-height-default\" data-id=\"efa52ce\" data-element_type=\"section\">\n\t\t\t\t\t\t<div class=\"elementor-container elementor-column-gap-default\">\n\t\t\t\t\t<div class=\"elementor-column elementor-col-50 elementor-inner-column elementor-element elementor-element-0541773\" data-id=\"0541773\" data-element_type=\"column\">\n\t\t\t<div class=\"elementor-widget-wrap elementor-element-populated\">\n\t\t\t\t\t\t\t\t<div class=\"elementor-element elementor-element-a888298 elementor-widget elementor-widget-image\" data-id=\"a888298\" data-element_type=\"widget\" data-widget_type=\"image.default\">\n\t\t\t\t<div class=\"elementor-widget-container\">\n\t\t\t\t\t\t\t\t\t\t\t\t\t\t\t<img width=\"724\" height=\"1024\" src=\"http:\/\/proyectolarrua.com\/wp-content\/uploads\/2025\/10\/LABCAMISETAV1-724x1024.jpg\" class=\"attachment-large size-large\" alt=\"\" loading=\"lazy\" srcset=\"http:\/\/proyectolarrua.com\/wp-content\/uploads\/2025\/10\/LABCAMISETAV1-724x1024.jpg 724w, http:\/\/proyectolarrua.com\/wp-content\/uploads\/2025\/10\/LABCAMISETAV1-212x300.jpg 212w, http:\/\/proyectolarrua.com\/wp-content\/uploads\/2025\/10\/LABCAMISETAV1-768x1086.jpg 768w, http:\/\/proyectolarrua.com\/wp-content\/uploads\/2025\/10\/LABCAMISETAV1-1086x1536.jpg 1086w, http:\/\/proyectolarrua.com\/wp-content\/uploads\/2025\/10\/LABCAMISETAV1-1448x2048.jpg 1448w, http:\/\/proyectolarrua.com\/wp-content\/uploads\/2025\/10\/LABCAMISETAV1-660x934.jpg 660w, http:\/\/proyectolarrua.com\/wp-content\/uploads\/2025\/10\/LABCAMISETAV1-scaled.jpg 1810w\" sizes=\"(max-width: 724px) 100vw, 724px\" \/>\t\t\t\t\t\t\t\t\t\t\t\t\t\t\t<\/div>\n\t\t\t\t<\/div>\n\t\t\t\t\t<\/div>\n\t\t<\/div>\n\t\t\t\t<div class=\"elementor-column elementor-col-50 elementor-inner-column elementor-element elementor-element-0f9d87c\" data-id=\"0f9d87c\" data-element_type=\"column\">\n\t\t\t<div class=\"elementor-widget-wrap elementor-element-populated\">\n\t\t\t\t\t\t\t\t<div class=\"elementor-element elementor-element-219f74f elementor-widget elementor-widget-text-editor\" data-id=\"219f74f\" data-element_type=\"widget\" data-widget_type=\"text-editor.default\">\n\t\t\t\t<div class=\"elementor-widget-container\">\n\t\t\t<style>\/*! elementor - v3.6.5 - 27-04-2022 *\/\n.elementor-widget-text-editor.elementor-drop-cap-view-stacked .elementor-drop-cap{background-color:#818a91;color:#fff}.elementor-widget-text-editor.elementor-drop-cap-view-framed .elementor-drop-cap{color:#818a91;border:3px solid;background-color:transparent}.elementor-widget-text-editor:not(.elementor-drop-cap-view-default) .elementor-drop-cap{margin-top:8px}.elementor-widget-text-editor:not(.elementor-drop-cap-view-default) .elementor-drop-cap-letter{width:1em;height:1em}.elementor-widget-text-editor .elementor-drop-cap{float:left;text-align:center;line-height:1;font-size:50px}.elementor-widget-text-editor .elementor-drop-cap-letter{display:inline-block}<\/style>\t\t\t\t<p>Tras el gran recibimiento de la pasada edici\u00f3n, vuelve LARRUA_LAB, <strong>un espacio de encuentro entre bailarines y bailarinas profesionales o en formaci\u00f3n avanzada con core\u00f3grafos y t\u00e9cnicas de danza contempor\u00e1nea<\/strong>. Su objetivo es ofrecer un lugar donde <strong>descubrir nuevos lenguajes, ampliar herramientas de movimiento y generar conexiones<\/strong> dentro de la comunidad de la danza.<\/p>\t\t\t\t\t\t<\/div>\n\t\t\t\t<\/div>\n\t\t\t\t\t<\/div>\n\t\t<\/div>\n\t\t\t\t\t\t\t<\/div>\n\t\t<\/section>\n\t\t\t\t\t<\/div>\n\t\t<\/div>\n\t\t\t\t\t\t\t<\/div>\n\t\t<\/section>\n\t\t\t\t\t\t\t<\/div>\n\t\t","protected":false},"excerpt":{"rendered":"<p>Tras el \u00e9xito del a\u00f1o pasado volvemos con la sexta edici\u00f3n de LARRUA_LAB, que tiene como objetivo poner en contacto&hellip; <a class=\"read-more\" href=\"http:\/\/proyectolarrua.com\/en\/larrualab\">Read more <span class=\"screen-reader-text\">LARRUA_LAB<\/span><\/a><\/p>\n","protected":false},"author":1,"featured_media":0,"parent":0,"menu_order":0,"comment_status":"closed","ping_status":"closed","template":"","meta":{"_mc_calendar":[]},"aioseo_notices":[],"_links":{"self":[{"href":"http:\/\/proyectolarrua.com\/en\/wp-json\/wp\/v2\/pages\/21"}],"collection":[{"href":"http:\/\/proyectolarrua.com\/en\/wp-json\/wp\/v2\/pages"}],"about":[{"href":"http:\/\/proyectolarrua.com\/en\/wp-json\/wp\/v2\/types\/page"}],"author":[{"embeddable":true,"href":"http:\/\/proyectolarrua.com\/en\/wp-json\/wp\/v2\/users\/1"}],"replies":[{"embeddable":true,"href":"http:\/\/proyectolarrua.com\/en\/wp-json\/wp\/v2\/comments?post=21"}],"version-history":[{"count":90,"href":"http:\/\/proyectolarrua.com\/en\/wp-json\/wp\/v2\/pages\/21\/revisions"}],"predecessor-version":[{"id":2329,"href":"http:\/\/proyectolarrua.com\/en\/wp-json\/wp\/v2\/pages\/21\/revisions\/2329"}],"wp:attachment":[{"href":"http:\/\/proyectolarrua.com\/en\/wp-json\/wp\/v2\/media?parent=21"}],"curies":[{"name":"wp","href":"https:\/\/api.w.org\/{rel}","templated":true}]}}