{"id":1060,"date":"2022-05-10T16:14:24","date_gmt":"2022-05-10T15:14:24","guid":{"rendered":"http:\/\/proyectolarrua.com\/?page_id=1060"},"modified":"2026-05-05T19:35:13","modified_gmt":"2026-05-05T18:35:13","slug":"zubia","status":"publish","type":"page","link":"http:\/\/proyectolarrua.com\/eu\/zubia","title":{"rendered":"ZUBIAK"},"content":{"rendered":"\t\t<div data-elementor-type=\"wp-page\" data-elementor-id=\"1060\" class=\"elementor elementor-1060\">\n\t\t\t\t\t\t\t\t\t<section class=\"elementor-section elementor-top-section elementor-element elementor-element-5e858ba elementor-section-boxed elementor-section-height-default elementor-section-height-default\" data-id=\"5e858ba\" data-element_type=\"section\">\n\t\t\t\t\t\t<div class=\"elementor-container elementor-column-gap-default\">\n\t\t\t\t\t<div class=\"elementor-column elementor-col-100 elementor-top-column elementor-element elementor-element-fd75660\" data-id=\"fd75660\" data-element_type=\"column\">\n\t\t\t<div class=\"elementor-widget-wrap elementor-element-populated\">\n\t\t\t\t\t\t\t\t<div class=\"elementor-element elementor-element-737d07a elementor-widget elementor-widget-image\" data-id=\"737d07a\" data-element_type=\"widget\" data-widget_type=\"image.default\">\n\t\t\t\t<div class=\"elementor-widget-container\">\n\t\t\t<style>\/*! elementor - v3.6.5 - 27-04-2022 *\/\n.elementor-widget-image{text-align:center}.elementor-widget-image a{display:inline-block}.elementor-widget-image a img[src$=\".svg\"]{width:48px}.elementor-widget-image img{vertical-align:middle;display:inline-block}<\/style>\t\t\t\t\t\t\t\t\t\t\t\t<img width=\"1440\" height=\"300\" src=\"http:\/\/proyectolarrua.com\/wp-content\/uploads\/2025\/04\/ZUBIAK-1.png\" class=\"attachment-full size-full\" alt=\"\" loading=\"lazy\" srcset=\"http:\/\/proyectolarrua.com\/wp-content\/uploads\/2025\/04\/ZUBIAK-1.png 1440w, http:\/\/proyectolarrua.com\/wp-content\/uploads\/2025\/04\/ZUBIAK-1-300x63.png 300w, http:\/\/proyectolarrua.com\/wp-content\/uploads\/2025\/04\/ZUBIAK-1-1024x213.png 1024w, http:\/\/proyectolarrua.com\/wp-content\/uploads\/2025\/04\/ZUBIAK-1-768x160.png 768w, http:\/\/proyectolarrua.com\/wp-content\/uploads\/2025\/04\/ZUBIAK-1-660x138.png 660w\" sizes=\"(max-width: 1440px) 100vw, 1440px\" \/>\t\t\t\t\t\t\t\t\t\t\t\t\t\t\t<\/div>\n\t\t\t\t<\/div>\n\t\t\t\t<div class=\"elementor-element elementor-element-0db6f2b elementor-widget elementor-widget-heading\" data-id=\"0db6f2b\" data-element_type=\"widget\" data-widget_type=\"heading.default\">\n\t\t\t\t<div class=\"elementor-widget-container\">\n\t\t\t<style>\/*! elementor - v3.6.5 - 27-04-2022 *\/\n.elementor-heading-title{padding:0;margin:0;line-height:1}.elementor-widget-heading .elementor-heading-title[class*=elementor-size-]>a{color:inherit;font-size:inherit;line-height:inherit}.elementor-widget-heading .elementor-heading-title.elementor-size-small{font-size:15px}.elementor-widget-heading .elementor-heading-title.elementor-size-medium{font-size:19px}.elementor-widget-heading .elementor-heading-title.elementor-size-large{font-size:29px}.elementor-widget-heading .elementor-heading-title.elementor-size-xl{font-size:39px}.elementor-widget-heading .elementor-heading-title.elementor-size-xxl{font-size:59px}<\/style><h2 class=\"elementor-heading-title elementor-size-default\">Zubiak es un programa de mediaci\u00f3n que acompa\u00f1a el ciclo de danza organizado por la Red Municipal de Teatros de Vitoria-Gasteiz en elmarco del festival \u201cDantza Sarea\u201d. Este proyecto responde a la necesidad de acercar la danza contempor\u00e1nea a un p\u00fablico nuevo o no habitual sobre todo y acompa\u00f1arlo compartiendo herramientas para entender mejor este lenguaje.<\/h2>\t\t<\/div>\n\t\t\t\t<\/div>\n\t\t\t\t\t<\/div>\n\t\t<\/div>\n\t\t\t\t\t\t\t<\/div>\n\t\t<\/section>\n\t\t\t\t<section class=\"elementor-section elementor-top-section elementor-element elementor-element-31f8e0f elementor-section-boxed elementor-section-height-default elementor-section-height-default\" data-id=\"31f8e0f\" data-element_type=\"section\">\n\t\t\t\t\t\t<div class=\"elementor-container elementor-column-gap-default\">\n\t\t\t\t\t<div class=\"elementor-column elementor-col-100 elementor-top-column elementor-element elementor-element-ada459e\" data-id=\"ada459e\" data-element_type=\"column\">\n\t\t\t<div class=\"elementor-widget-wrap elementor-element-populated\">\n\t\t\t\t\t\t\t\t<div class=\"elementor-element elementor-element-d0427e9 elementor-widget elementor-widget-text-editor\" data-id=\"d0427e9\" data-element_type=\"widget\" data-widget_type=\"text-editor.default\">\n\t\t\t\t<div class=\"elementor-widget-container\">\n\t\t\t<style>\/*! elementor - v3.6.5 - 27-04-2022 *\/\n.elementor-widget-text-editor.elementor-drop-cap-view-stacked .elementor-drop-cap{background-color:#818a91;color:#fff}.elementor-widget-text-editor.elementor-drop-cap-view-framed .elementor-drop-cap{color:#818a91;border:3px solid;background-color:transparent}.elementor-widget-text-editor:not(.elementor-drop-cap-view-default) .elementor-drop-cap{margin-top:8px}.elementor-widget-text-editor:not(.elementor-drop-cap-view-default) .elementor-drop-cap-letter{width:1em;height:1em}.elementor-widget-text-editor .elementor-drop-cap{float:left;text-align:center;line-height:1;font-size:50px}.elementor-widget-text-editor .elementor-drop-cap-letter{display:inline-block}<\/style>\t\t\t\t<h2 data-section-id=\"18osvbb\" data-start=\"787\" data-end=\"804\"><span style=\"color: #000000;\"><\/span>Programazioa<\/span><\/h2><ul data-start=\"716\" data-end=\"902\"><li data-section-id=\"cg477f\" data-start=\"716\" data-end=\"756\"><strong data-start=\"718\" data-end=\"733\">Maiatzak 21<\/strong> \u2014 <em data-start=\"736\" data-end=\"745\">10 urte<\/em> (LASALA)<\/li><li data-section-id=\"8esvpw\" data-start=\"757\" data-end=\"833\"><strong data-start=\"759\" data-end=\"774\">Maiatzak 28<\/strong> \u2014 <em data-start=\"777\" data-end=\"831\">Este himno llevar\u00e1 la palabra euforia (Flashforward)<\/em><\/li><li data-section-id=\"v4sax4\" data-start=\"834\" data-end=\"869\"><strong data-start=\"836\" data-end=\"849\">Ekainak 3<\/strong> \u2014 <em data-start=\"852\" data-end=\"867\">La casa vac\u00eda<\/em><\/li><li data-section-id=\"y1hcu2\" data-start=\"870\" data-end=\"902\"><strong data-start=\"872\" data-end=\"886\">Ekainak 11<\/strong> \u2014 <em data-start=\"889\" data-end=\"900\">Ultimatum<\/em><\/li><\/ul><hr data-start=\"904\" data-end=\"907\" \/><h2 data-section-id=\"1cf0777\" data-start=\"909\" data-end=\"930\"><span style=\"color: #000000;\">Dantza Topagunea<\/span><\/h2><p data-start=\"931\" data-end=\"952\"><strong data-start=\"931\" data-end=\"952\">Aurreko topaketak<\/strong><\/p><p data-start=\"954\" data-end=\"1088\"><em data-start=\"954\" data-end=\"969\">La casa vac\u00eda<\/em> ikuskizuna izan ezik, emanaldi guztien aurretik <strong data-start=\"1018\" data-end=\"1038\">Dantza Topagunea<\/strong> egingo da, doako eta irekia den aurreko topaketa.<\/p><p data-start=\"1090\" data-end=\"1105\">\ud83d\udccd <strong data-start=\"1093\" data-end=\"1105\">18:30ean<\/strong><\/p><p data-start=\"1107\" data-end=\"1301\">Topaketa hauek dantza garaikidera eta konpainien lanera hurbiltzeko espazioak dira. Zalantzak partekatzeko, aurreiritziak apurtzeko eta ikusle gisa dugun begirada aktibatzeko aukera ematen dute.<\/p><p data-start=\"1303\" data-end=\"1407\">Ez da ikuskizuna azaldu nahi, baizik eta esperientzia beste modu batean bizitzeko testuinguru bat sortu.<\/p><hr data-start=\"1409\" data-end=\"1412\" \/><h2 data-section-id=\"6lwm9v\" data-start=\"1414\" data-end=\"1436\"><span style=\"color: #000000;\">Hedapen jarduerak<\/span><\/h2><p data-start=\"1438\" data-end=\"1616\">Emanaldiei lotutako topaketez gain, Zubiak programak beste jarduera batzuk ere proposatzen ditu, programazioa praktikaren eta konpainiekin zuzeneko harremanaren bidez zabaltzeko:<\/p><h3 data-section-id=\"n36hva\" data-start=\"1618\" data-end=\"1645\"><span style=\"color: #000000;\">LASALA-rekin tailerra<\/span><\/h3><p data-start=\"1646\" data-end=\"1691\">\ud83d\udcc5 Maiatzak 7<br data-start=\"1659\" data-end=\"1662\" \/>\u23f0 19:00<br data-start=\"1669\" data-end=\"1672\" \/>\ud83d\udccd Noralai Eskola<\/p><p data-start=\"1693\" data-end=\"1771\">Konpainiaren lengoaia eta sormen tresnak barrutik ezagutzeko tailer praktikoa.<\/p><hr data-start=\"1773\" data-end=\"1776\" \/><h3 data-section-id=\"1uh2a7i\" data-start=\"1778\" data-end=\"1811\"><span style=\"color: #000000;\">Jam Session La Intrusarekin<\/span><\/h3><p data-start=\"1812\" data-end=\"1884\">\ud83d\udcc5 Maiatzak 24<br data-start=\"1826\" data-end=\"1829\" \/>\u23f0 10:00 \u2013 12:00<br data-start=\"1844\" data-end=\"1847\" \/>\ud83d\udccd Jes\u00fas Ib\u00e1\u00f1ez de Matauco Antzokia<\/p><p data-start=\"1886\" data-end=\"1997\">Inprobisazio saio gidatua, hiriko dantzarien arteko topaketa eta praktika partekaturako espazio gisa pentsatua.<\/p><p data-start=\"1886\" data-end=\"1997\"><\/p>\t\t\t\t\t\t<\/div>\n\t\t\t\t<\/div>\n\t\t\t\t\t<\/div>\n\t\t<\/div>\n\t\t\t\t\t\t\t<\/div>\n\t\t<\/section>\n\t\t\t\t\t\t\t<\/div>\n\t\t","protected":false},"excerpt":{"rendered":"<p>Zubiak es un programa de mediaci\u00f3n que acompa\u00f1a el ciclo de danza organizado por la Red Municipal de Teatros de&hellip; <a class=\"read-more\" href=\"http:\/\/proyectolarrua.com\/eu\/zubia\">Read more <span class=\"screen-reader-text\">ZUBIAK<\/span><\/a><\/p>\n","protected":false},"author":1,"featured_media":0,"parent":0,"menu_order":0,"comment_status":"closed","ping_status":"closed","template":"","meta":{"_mc_calendar":[]},"aioseo_notices":[],"_links":{"self":[{"href":"http:\/\/proyectolarrua.com\/eu\/wp-json\/wp\/v2\/pages\/1060"}],"collection":[{"href":"http:\/\/proyectolarrua.com\/eu\/wp-json\/wp\/v2\/pages"}],"about":[{"href":"http:\/\/proyectolarrua.com\/eu\/wp-json\/wp\/v2\/types\/page"}],"author":[{"embeddable":true,"href":"http:\/\/proyectolarrua.com\/eu\/wp-json\/wp\/v2\/users\/1"}],"replies":[{"embeddable":true,"href":"http:\/\/proyectolarrua.com\/eu\/wp-json\/wp\/v2\/comments?post=1060"}],"version-history":[{"count":69,"href":"http:\/\/proyectolarrua.com\/eu\/wp-json\/wp\/v2\/pages\/1060\/revisions"}],"predecessor-version":[{"id":2406,"href":"http:\/\/proyectolarrua.com\/eu\/wp-json\/wp\/v2\/pages\/1060\/revisions\/2406"}],"wp:attachment":[{"href":"http:\/\/proyectolarrua.com\/eu\/wp-json\/wp\/v2\/media?parent=1060"}],"curies":[{"name":"wp","href":"https:\/\/api.w.org\/{rel}","templated":true}]}}